{"id":510,"date":"2019-03-06T08:02:47","date_gmt":"2019-03-06T08:02:47","guid":{"rendered":"http:\/\/mau3.maudep.com.vn\/tienganh\/?page_id=510"},"modified":"2023-11-23T03:14:28","modified_gmt":"2023-11-23T03:14:28","slug":"lien-he","status":"publish","type":"page","link":"https:\/\/truonghoc3.mauthemewp.net\/?page_id=510","title":{"rendered":"Li\u00ean h\u1ec7"},"content":{"rendered":"\n\t<section class=\"section\" id=\"section_965094146\">\n\t\t<div class=\"section-bg fill\" >\n\t\t\t\t\t\t\t\t\t\n\t\t\t\n\n\t\t<\/div>\n\n\t\t\n\n\t\t<div class=\"section-content relative\">\n\t\t\t\n\t<div class=\"img has-hover x md-x lg-x y md-y lg-y\" id=\"image_173983394\">\n\t\t\t\t\t\t\t\t<div class=\"img-inner dark\" >\n\t\t\t<img loading=\"lazy\" decoding=\"async\" width=\"1200\" height=\"350\" src=\"https:\/\/truonghoc3.mauthemewp.net\/wp-content\/uploads\/2023\/11\/1-1.png\" class=\"attachment-original size-original\" alt=\"\" srcset=\"https:\/\/truonghoc3.mauthemewp.net\/wp-content\/uploads\/2023\/11\/1-1.png 1200w, https:\/\/truonghoc3.mauthemewp.net\/wp-content\/uploads\/2023\/11\/1-1-800x233.png 800w, https:\/\/truonghoc3.mauthemewp.net\/wp-content\/uploads\/2023\/11\/1-1-768x224.png 768w\" sizes=\"(max-width: 1200px) 100vw, 1200px\" \/>\t\t\t\t\t\t\n\t\t\t\t\t<\/div>\n\t\t\t\t\t\t\t\t\n<style>\n#image_173983394 {\n  width: 100%;\n}\n<\/style>\n\t<\/div>\n\t\n\t\t<\/div>\n\n\t\t\n<style>\n#section_965094146 {\n  padding-top: 0px;\n  padding-bottom: 0px;\n}\n<\/style>\n\t<\/section>\n\t\n\n\t<section class=\"section contact_01\" id=\"section_510168479\">\n\t\t<div class=\"section-bg fill\" >\n\t\t\t\t\t\t\t\t\t\n\t\t\t\n\n\t\t<\/div>\n\n\t\t\n\n\t\t<div class=\"section-content relative\">\n\t\t\t\n \n    <div class=\"block__element_head\">\n    <h2 class=\"heading\"><span>TR\u01af\u1edcNG CAO \u0110\u1eb2NG C\u00d4NG NGH\u1ec6 V\u00c0 DU L\u1ecaCH<\/span><\/h2>\n    <p class=\"text_head\"><\/p>\n   \n    <\/div>\n\n<div class=\"row\"  id=\"row-1269451445\">\n\n\t<div id=\"col-391609855\" class=\"col medium-6 small-12 large-6\"  >\n\t\t\t\t<div class=\"col-inner\"  >\n\t\t\t\n\t\t\t\n<p>\u0110\u1ecba ch\u1ec9:L29+130, khu \u0111\u1ea5u gi\u00e1 quy\u1ec1n s\u1eed d\u1ee5ng \u0111\u1ea5t , x\u00e3 T\u00e2n Tri\u1ec1u, Huy\u1ec7n Thanh Tr\u00ec, Th\u00e0nh ph\u1ed1 H\u00e0 N\u1ed9i.<\/p>\n<p><i class=\"fa fa-phone\"><\/i>\u00a0Hotline: 0932.289.996<\/p>\n<p><i class=\"fa fa-envelope\"><\/i>\u00a0Email: tuyensinhcaodangcongnghedulich@gmail.com<\/p>\n<p><i class=\"fa fa-globe\"><\/i>\u00a0Website: tuyensinh-caodangcongnghevadulich.edu.vn\/<\/p>\n\t\t<\/div>\n\t\t\t\t\t<\/div>\n\n\t\n\n\t<div id=\"col-980323933\" class=\"col medium-6 small-12 large-6\"  >\n\t\t\t\t<div class=\"col-inner\"  >\n\t\t\t\n\t\t\t\n\n<div class=\"wpcf7 no-js\" id=\"wpcf7-f1322-o1\" lang=\"vi\" dir=\"ltr\">\n<div class=\"screen-reader-response\"><p role=\"status\" aria-live=\"polite\" aria-atomic=\"true\"><\/p> <ul><\/ul><\/div>\n<form action=\"\/index.php?rest_route=%2Fwp%2Fv2%2Fpages%2F510#wpcf7-f1322-o1\" method=\"post\" class=\"wpcf7-form init\" aria-label=\"Form li\u00ean h\u1ec7\" novalidate=\"novalidate\" data-status=\"init\">\n<div style=\"display: none;\">\n<input type=\"hidden\" name=\"_wpcf7\" value=\"1322\" \/>\n<input type=\"hidden\" name=\"_wpcf7_version\" value=\"5.9.8\" \/>\n<input type=\"hidden\" name=\"_wpcf7_locale\" value=\"vi\" \/>\n<input type=\"hidden\" name=\"_wpcf7_unit_tag\" value=\"wpcf7-f1322-o1\" \/>\n<input type=\"hidden\" name=\"_wpcf7_container_post\" value=\"0\" \/>\n<input type=\"hidden\" name=\"_wpcf7_posted_data_hash\" value=\"\" \/>\n<\/div>\n<p><span class=\"wpcf7-form-control-wrap\" data-name=\"text-138\"><input size=\"40\" maxlength=\"400\" class=\"wpcf7-form-control wpcf7-text wpcf7-validates-as-required\" aria-required=\"true\" aria-invalid=\"false\" placeholder=\"H\u1ecd t\u00ean\" value=\"\" type=\"text\" name=\"text-138\" \/><\/span><br \/>\n<span class=\"wpcf7-form-control-wrap\" data-name=\"tel-992\"><input size=\"40\" maxlength=\"400\" class=\"wpcf7-form-control wpcf7-tel wpcf7-validates-as-required wpcf7-text wpcf7-validates-as-tel\" aria-required=\"true\" aria-invalid=\"false\" placeholder=\"S\u1ed1 \u0111i\u1ec7n tho\u1ea1i\" value=\"\" type=\"tel\" name=\"tel-992\" \/><\/span><br \/>\n<span class=\"wpcf7-form-control-wrap\" data-name=\"text-139\"><input size=\"40\" maxlength=\"400\" class=\"wpcf7-form-control wpcf7-text wpcf7-validates-as-required\" aria-required=\"true\" aria-invalid=\"false\" placeholder=\"Visa hi\u1ec7n t\u1ea1i\" value=\"\" type=\"text\" name=\"text-139\" \/><\/span><br \/>\n<span class=\"wpcf7-form-control-wrap\" data-name=\"text-142\"><input size=\"40\" maxlength=\"400\" class=\"wpcf7-form-control wpcf7-text wpcf7-validates-as-required\" aria-required=\"true\" aria-invalid=\"false\" placeholder=\"\u0110ang \u1edf T\u1ec9nh\/Th\u00e0nh n\u00e0o?\" value=\"\" type=\"text\" name=\"text-142\" \/><\/span><br \/>\n<span class=\"wpcf7-form-control-wrap\" data-name=\"textarea-714\"><textarea cols=\"40\" rows=\"10\" maxlength=\"2000\" class=\"wpcf7-form-control wpcf7-textarea\" aria-invalid=\"false\" name=\"textarea-714\">N\u1ed9i dung<\/textarea><\/span><br \/>\n<input class=\"wpcf7-form-control wpcf7-submit has-spinner\" type=\"submit\" value=\"\u0110\u0103ng k\u00fd ngay\" \/>\n<\/p><div class=\"wpcf7-response-output\" aria-hidden=\"true\"><\/div>\n<\/form>\n<\/div>\n\n\t\t<\/div>\n\t\t\t\t\t<\/div>\n\n\t\n<\/div>\n\t\t<\/div>\n\n\t\t\n<style>\n#section_510168479 {\n  padding-top: 30px;\n  padding-bottom: 30px;\n}\n<\/style>\n\t<\/section>\n\t\n\n\t<section class=\"section ph_08\" id=\"section_782887701\">\n\t\t<div class=\"section-bg fill\" >\n\t\t\t\t\t\t\t\t\t\n\t\t\t\n\n\t\t<\/div>\n\n\t\t\n\n\t\t<div class=\"section-content relative\">\n\t\t\t\n<div class=\"row\"  id=\"row-1357418522\">\n<\/div>\n\t\t<\/div>\n\n\t\t\n<style>\n#section_782887701 {\n  padding-top: 0px;\n  padding-bottom: 0px;\n}\n<\/style>\n\t<\/section>\n\t\n","protected":false},"excerpt":{"rendered":"","protected":false},"author":1,"featured_media":0,"parent":0,"menu_order":0,"comment_status":"closed","ping_status":"closed","template":"page-blank.php","meta":{"footnotes":""},"class_list":["post-510","page","type-page","status-publish","hentry"],"yoast_head":"<!-- This site is optimized with the Yoast SEO plugin v23.3 - https:\/\/yoast.com\/wordpress\/plugins\/seo\/ -->\n<title>TR\u01af\u1edcNG CAO \u0110\u1eb2NG C\u00d4NG NGH\u1ec6 V\u00c0 DU L\u1ecaCH<\/title>\n<meta name=\"robots\" content=\"index, follow, max-snippet:-1, max-image-preview:large, max-video-preview:-1\" \/>\n<link rel=\"canonical\" href=\"https:\/\/truonghoc3.mauthemewp.net\/?page_id=510\" \/>\n<meta property=\"og:locale\" content=\"vi_VN\" \/>\n<meta property=\"og:type\" content=\"article\" \/>\n<meta property=\"og:title\" content=\"TR\u01af\u1edcNG CAO \u0110\u1eb2NG C\u00d4NG NGH\u1ec6 V\u00c0 DU L\u1ecaCH\" \/>\n<meta property=\"og:url\" content=\"https:\/\/truonghoc3.mauthemewp.net\/?page_id=510\" \/>\n<meta property=\"og:site_name\" content=\"TR\u01af\u1edcNG CAO \u0110\u1eb2NG C\u00d4NG NGH\u1ec6 V\u00c0 DU L\u1ecaCH\" \/>\n<meta property=\"article:modified_time\" content=\"2023-11-23T03:14:28+00:00\" \/>\n<meta name=\"twitter:card\" content=\"summary_large_image\" \/>\n<meta name=\"twitter:label1\" content=\"\u01af\u1edbc t\u00ednh th\u1eddi gian \u0111\u1ecdc\" \/>\n\t<meta name=\"twitter:data1\" content=\"1 ph\u00fat\" \/>\n<script type=\"application\/ld+json\" class=\"yoast-schema-graph\">{\"@context\":\"https:\/\/schema.org\",\"@graph\":[{\"@type\":\"WebPage\",\"@id\":\"https:\/\/truonghoc3.mauthemewp.net\/?page_id=510\",\"url\":\"https:\/\/truonghoc3.mauthemewp.net\/?page_id=510\",\"name\":\"TR\u01af\u1edcNG CAO \u0110\u1eb2NG C\u00d4NG NGH\u1ec6 V\u00c0 DU L\u1ecaCH\",\"isPartOf\":{\"@id\":\"https:\/\/truonghoc3.mauthemewp.net\/#website\"},\"datePublished\":\"2019-03-06T08:02:47+00:00\",\"dateModified\":\"2023-11-23T03:14:28+00:00\",\"breadcrumb\":{\"@id\":\"https:\/\/truonghoc3.mauthemewp.net\/?page_id=510#breadcrumb\"},\"inLanguage\":\"vi\",\"potentialAction\":[{\"@type\":\"ReadAction\",\"target\":[\"https:\/\/truonghoc3.mauthemewp.net\/?page_id=510\"]}]},{\"@type\":\"BreadcrumbList\",\"@id\":\"https:\/\/truonghoc3.mauthemewp.net\/?page_id=510#breadcrumb\",\"itemListElement\":[{\"@type\":\"ListItem\",\"position\":1,\"name\":\"Trang ch\u1ee7\",\"item\":\"https:\/\/truonghoc3.mauthemewp.net\/\"},{\"@type\":\"ListItem\",\"position\":2,\"name\":\"Li\u00ean h\u1ec7\"}]},{\"@type\":\"WebSite\",\"@id\":\"https:\/\/truonghoc3.mauthemewp.net\/#website\",\"url\":\"https:\/\/truonghoc3.mauthemewp.net\/\",\"name\":\"TR\u01af\u1edcNG CAO \u0110\u1eb2NG C\u00d4NG NGH\u1ec6 V\u00c0 DU L\u1ecaCH\",\"description\":\"TR\u01af\u1edcNG CAO \u0110\u1eb2NG C\u00d4NG NGH\u1ec6 V\u00c0 DU L\u1ecaCH\",\"potentialAction\":[{\"@type\":\"SearchAction\",\"target\":{\"@type\":\"EntryPoint\",\"urlTemplate\":\"https:\/\/truonghoc3.mauthemewp.net\/?s={search_term_string}\"},\"query-input\":\"required name=search_term_string\"}],\"inLanguage\":\"vi\"}]}<\/script>\n<!-- \/ Yoast SEO plugin. -->","yoast_head_json":{"title":"TR\u01af\u1edcNG CAO \u0110\u1eb2NG C\u00d4NG NGH\u1ec6 V\u00c0 DU L\u1ecaCH","robots":{"index":"index","follow":"follow","max-snippet":"max-snippet:-1","max-image-preview":"max-image-preview:large","max-video-preview":"max-video-preview:-1"},"canonical":"https:\/\/truonghoc3.mauthemewp.net\/?page_id=510","og_locale":"vi_VN","og_type":"article","og_title":"TR\u01af\u1edcNG CAO \u0110\u1eb2NG C\u00d4NG NGH\u1ec6 V\u00c0 DU L\u1ecaCH","og_url":"https:\/\/truonghoc3.mauthemewp.net\/?page_id=510","og_site_name":"TR\u01af\u1edcNG CAO \u0110\u1eb2NG C\u00d4NG NGH\u1ec6 V\u00c0 DU L\u1ecaCH","article_modified_time":"2023-11-23T03:14:28+00:00","twitter_card":"summary_large_image","twitter_misc":{"\u01af\u1edbc t\u00ednh th\u1eddi gian \u0111\u1ecdc":"1 ph\u00fat"},"schema":{"@context":"https:\/\/schema.org","@graph":[{"@type":"WebPage","@id":"https:\/\/truonghoc3.mauthemewp.net\/?page_id=510","url":"https:\/\/truonghoc3.mauthemewp.net\/?page_id=510","name":"TR\u01af\u1edcNG CAO \u0110\u1eb2NG C\u00d4NG NGH\u1ec6 V\u00c0 DU L\u1ecaCH","isPartOf":{"@id":"https:\/\/truonghoc3.mauthemewp.net\/#website"},"datePublished":"2019-03-06T08:02:47+00:00","dateModified":"2023-11-23T03:14:28+00:00","breadcrumb":{"@id":"https:\/\/truonghoc3.mauthemewp.net\/?page_id=510#breadcrumb"},"inLanguage":"vi","potentialAction":[{"@type":"ReadAction","target":["https:\/\/truonghoc3.mauthemewp.net\/?page_id=510"]}]},{"@type":"BreadcrumbList","@id":"https:\/\/truonghoc3.mauthemewp.net\/?page_id=510#breadcrumb","itemListElement":[{"@type":"ListItem","position":1,"name":"Trang ch\u1ee7","item":"https:\/\/truonghoc3.mauthemewp.net\/"},{"@type":"ListItem","position":2,"name":"Li\u00ean h\u1ec7"}]},{"@type":"WebSite","@id":"https:\/\/truonghoc3.mauthemewp.net\/#website","url":"https:\/\/truonghoc3.mauthemewp.net\/","name":"TR\u01af\u1edcNG CAO \u0110\u1eb2NG C\u00d4NG NGH\u1ec6 V\u00c0 DU L\u1ecaCH","description":"TR\u01af\u1edcNG CAO \u0110\u1eb2NG C\u00d4NG NGH\u1ec6 V\u00c0 DU L\u1ecaCH","potentialAction":[{"@type":"SearchAction","target":{"@type":"EntryPoint","urlTemplate":"https:\/\/truonghoc3.mauthemewp.net\/?s={search_term_string}"},"query-input":"required name=search_term_string"}],"inLanguage":"vi"}]}},"_links":{"self":[{"href":"https:\/\/truonghoc3.mauthemewp.net\/index.php?rest_route=\/wp\/v2\/pages\/510"}],"collection":[{"href":"https:\/\/truonghoc3.mauthemewp.net\/index.php?rest_route=\/wp\/v2\/pages"}],"about":[{"href":"https:\/\/truonghoc3.mauthemewp.net\/index.php?rest_route=\/wp\/v2\/types\/page"}],"author":[{"embeddable":true,"href":"https:\/\/truonghoc3.mauthemewp.net\/index.php?rest_route=\/wp\/v2\/users\/1"}],"replies":[{"embeddable":true,"href":"https:\/\/truonghoc3.mauthemewp.net\/index.php?rest_route=%2Fwp%2Fv2%2Fcomments&post=510"}],"version-history":[{"count":4,"href":"https:\/\/truonghoc3.mauthemewp.net\/index.php?rest_route=\/wp\/v2\/pages\/510\/revisions"}],"predecessor-version":[{"id":1969,"href":"https:\/\/truonghoc3.mauthemewp.net\/index.php?rest_route=\/wp\/v2\/pages\/510\/revisions\/1969"}],"wp:attachment":[{"href":"https:\/\/truonghoc3.mauthemewp.net\/index.php?rest_route=%2Fwp%2Fv2%2Fmedia&parent=510"}],"curies":[{"name":"wp","href":"https:\/\/api.w.org\/{rel}","templated":true}]}}